{"id":980,"date":"2020-09-02T21:04:14","date_gmt":"2020-09-02T21:04:14","guid":{"rendered":"https:\/\/garikoitz.info\/blog\/?page_id=980"},"modified":"2020-09-02T21:04:14","modified_gmt":"2020-09-02T21:04:14","slug":"cookies","status":"publish","type":"page","link":"https:\/\/garikoitz.info\/blog\/cookies\/","title":{"rendered":"Pol\u00edtica de cookies"},"content":{"rendered":"<div id=\"ez-toc-container\" class=\"ez-toc-v2_0_82_2 counter-hierarchy ez-toc-counter ez-toc-grey ez-toc-container-direction\">\n<div class=\"ez-toc-title-container\">\n<p class=\"ez-toc-title\" style=\"cursor:inherit\">\u00cdndice<\/p>\n<span class=\"ez-toc-title-toggle\"><a href=\"#\" class=\"ez-toc-pull-right ez-toc-btn ez-toc-btn-xs ez-toc-btn-default ez-toc-toggle\" aria-label=\"Alternar tabla de contenidos\"><span class=\"ez-toc-js-icon-con\"><span class=\"\"><span class=\"eztoc-hide\" style=\"display:none;\">Toggle<\/span><span class=\"ez-toc-icon-toggle-span\"><svg style=\"fill: #999;color:#999\" xmlns=\"http:\/\/www.w3.org\/2000\/svg\" class=\"list-377408\" width=\"20px\" height=\"20px\" viewBox=\"0 0 24 24\" fill=\"none\"><path d=\"M6 6H4v2h2V6zm14 0H8v2h12V6zM4 11h2v2H4v-2zm16 0H8v2h12v-2zM4 16h2v2H4v-2zm16 0H8v2h12v-2z\" fill=\"currentColor\"><\/path><\/svg><svg style=\"fill: #999;color:#999\" class=\"arrow-unsorted-368013\" xmlns=\"http:\/\/www.w3.org\/2000\/svg\" width=\"10px\" height=\"10px\" viewBox=\"0 0 24 24\" version=\"1.2\" baseProfile=\"tiny\"><path d=\"M18.2 9.3l-6.2-6.3-6.2 6.3c-.2.2-.3.4-.3.7s.1.5.3.7c.2.2.4.3.7.3h11c.3 0 .5-.1.7-.3.2-.2.3-.5.3-.7s-.1-.5-.3-.7zM5.8 14.7l6.2 6.3 6.2-6.3c.2-.2.3-.5.3-.7s-.1-.5-.3-.7c-.2-.2-.4-.3-.7-.3h-11c-.3 0-.5.1-.7.3-.2.2-.3.5-.3.7s.1.5.3.7z\"\/><\/svg><\/span><\/span><\/span><\/a><\/span><\/div>\n<nav><ul class='ez-toc-list ez-toc-list-level-1 eztoc-toggle-hide-by-default' ><ul class='ez-toc-list-level-3' ><li class='ez-toc-heading-level-3'><a class=\"ez-toc-link ez-toc-heading-1\" href=\"https:\/\/garikoitz.info\/blog\/cookies\/#Este_sitio_utiliza_cookies\" >Este sitio utiliza cookies<\/a><\/li><li class='ez-toc-page-1 ez-toc-heading-level-3'><a class=\"ez-toc-link ez-toc-heading-2\" href=\"https:\/\/garikoitz.info\/blog\/cookies\/#Tipos_de_cookies\" >Tipos de cookies<\/a><\/li><\/ul><\/li><li class='ez-toc-page-1 ez-toc-heading-level-2'><a class=\"ez-toc-link ez-toc-heading-3\" href=\"https:\/\/garikoitz.info\/blog\/cookies\/#Segun_la_entidad_que_las_gestiona\" >Seg\u00fan la entidad que las gestiona<\/a><\/li><li class='ez-toc-page-1 ez-toc-heading-level-2'><a class=\"ez-toc-link ez-toc-heading-4\" href=\"https:\/\/garikoitz.info\/blog\/cookies\/#Segun_el_plazo_de_tiempo_que_permanecen_activadas\" >Seg\u00fan el plazo de tiempo que permanecen activadas<\/a><\/li><li class='ez-toc-page-1 ez-toc-heading-level-2'><a class=\"ez-toc-link ez-toc-heading-5\" href=\"https:\/\/garikoitz.info\/blog\/cookies\/#Segun_su_finalidad\" >Seg\u00fan su finalidad<\/a><ul class='ez-toc-list-level-3' ><li class='ez-toc-heading-level-3'><a class=\"ez-toc-link ez-toc-heading-6\" href=\"https:\/\/garikoitz.info\/blog\/cookies\/#Como_desactivar_las_cookies_en_los_principales_navegadores_web\" >C\u00f3mo desactivar las cookies en los principales navegadores web<\/a><\/li><li class='ez-toc-page-1 ez-toc-heading-level-3'><a class=\"ez-toc-link ez-toc-heading-7\" href=\"https:\/\/garikoitz.info\/blog\/cookies\/#Que_sucede_si_no_se_aceptan_las_cookies\" >Qu\u00e9 sucede si no se aceptan las cookies<\/a><\/li><li class='ez-toc-page-1 ez-toc-heading-level-3'><a class=\"ez-toc-link ez-toc-heading-8\" href=\"https:\/\/garikoitz.info\/blog\/cookies\/#Actualizaciones_y_modificaciones_en_la_politica_de_cookies\" >Actualizaciones y modificaciones en la pol\u00edtica de cookies<\/a><\/li><li class='ez-toc-page-1 ez-toc-heading-level-3'><a class=\"ez-toc-link ez-toc-heading-9\" href=\"https:\/\/garikoitz.info\/blog\/cookies\/#Contacto\" >Contacto<\/a><\/li><\/ul><\/li><\/ul><\/nav><\/div>\n<h3><span class=\"ez-toc-section\" id=\"Este_sitio_utiliza_cookies\"><\/span>Este sitio utiliza cookies<span class=\"ez-toc-section-end\"><\/span><\/h3>\n<p>En cumplimiento de la Ley 34\/2002 de 11 de julio de Servicios de la Sociedad de la Informaci\u00f3n y de Comercio Electr\u00f3nico (LSSICE), as\u00ed como en el Reglamento (UE) 2016\/679 del Parlamento Europeo y del Consejo, de 27 de abril de 2016 (RGPD), y en la Ley Org\u00e1nica 3\/2018, de Protecci\u00f3n de Datos Personales y garant\u00eda de los derechos digitales (LOPDGDD), te informamos de que este sitio web <strong>G4r1<\/strong> utiliza cookies y otros dispositivos de almacenamiento y recuperaci\u00f3n de datos.<\/p>\n<p>La normativa citada se aplica a cualquier clase de archivo o dispositivo que se descargue en el equipo terminal de un usuario con la finalidad de almacenar datos que podr\u00e1n ser actualizados y recuperados por la entidad responsable de su instalaci\u00f3n.<\/p>\n<p>Las cookies (en castellano, galletas) son peque\u00f1os ficheros de texto enviados a un navegador desde un servidor web para registrar actividad del usuario en un sitio web de modo que se pueda recuperar esa informaci\u00f3n con posterioridad durante la navegaci\u00f3n por las diferentes p\u00e1ginas que est\u00e9n conectadas al servidor que se las instal\u00f3.<\/p>\n<p>Las <em>cookies<\/em> suelen almacenar informaci\u00f3n de car\u00e1cter t\u00e9cnico, preferencias personales, personalizaci\u00f3n de contenidos, estad\u00edsticas de uso, enlaces a redes sociales, acceso a cuentas de usuario, etc.<\/p>\n<h3><span class=\"ez-toc-section\" id=\"Tipos_de_cookies\"><\/span>Tipos de cookies<span class=\"ez-toc-section-end\"><\/span><\/h3>\n<p>A continuaci\u00f3n, se realiza una clasificaci\u00f3n de las cookies en funci\u00f3n de una serie de categor\u00edas. No obstante, es necesario tener en cuenta que una misma cookie puede estar incluida en m\u00e1s de una categor\u00eda.<\/p><h2><span class=\"ez-toc-section\" id=\"Segun_la_entidad_que_las_gestiona\"><\/span>Seg\u00fan la entidad que las gestiona<span class=\"ez-toc-section-end\"><\/span><\/h2>\n<p><\/p><ul>\n\t\t<li><b>Cookies propias:<\/b> Son aquellas que  se env\u00edan al equipo terminal del usuario desde un equipo o dominio gestionado por el propio editor y desde el que se presta el servicio solicitado por el usuario.<\/li>\n\t\t<li><b>Cookies de terceros:<\/b> Son aquellas que se env\u00edan al equipo terminal del usuario desde un equipo o dominio que no es gestionado por el editor, sino por otra entidad que trata los datos obtenidos a trav\u00e9s de las cookies.<\/li>\n\t<\/ul><p>En el caso de que las cookies sean instaladas desde un equipo o dominio gestionado por el propio editor, pero la informaci\u00f3n que se recoja mediante estas sea gestionada por un tercero, no son consideradas cookies propias.<\/p><h2><span class=\"ez-toc-section\" id=\"Segun_el_plazo_de_tiempo_que_permanecen_activadas\"><\/span>Seg\u00fan el plazo de tiempo que permanecen activadas<span class=\"ez-toc-section-end\"><\/span><\/h2>\n<p><\/p><ul>\n\t\t<li><b>Cookies de sesi\u00f3n:<\/b> Son un tipo de cookies dise\u00f1adas para recabar y almacenar datos mientras el usuario accede a una p\u00e1gina web. Se suelen emplear para almacenar informaci\u00f3n que solo interesa conservar para la prestaci\u00f3n del servicio solicitado por el usuario en una sola ocasi\u00f3n (por ejemplo: una lista de productos adquiridos).<\/li>\n\t\t<li><b>Cookies persistentes:<\/b> Son un tipo de cookies en el que los datos siguen almacenados en el terminal y pueden ser accedidos y tratados durante un periodo definido por el responsable de la cookie, y que puede ir de unos minutos a varios a\u00f1os.<\/li>\n\t<\/ul><h2><span class=\"ez-toc-section\" id=\"Segun_su_finalidad\"><\/span>Seg\u00fan su finalidad<span class=\"ez-toc-section-end\"><\/span><\/h2>\n<p>Seg\u00fan la finalidad para la que se traten los datos obtenidos a trav\u00e9s de las cookies, podemos distinguir entre:<\/p><ul>\n\t\t<li><b>Cookies t\u00e9cnicas:<\/b> Son aquellas que permiten al usuario la navegaci\u00f3n a trav\u00e9s de una p\u00e1gina web, plataforma o aplicaci\u00f3n y la utilizaci\u00f3n de las diferentes opciones o servicios que en ella existan como, por ejemplo, controlar el tr\u00e1fico y la comunicaci\u00f3n de datos, identificar la sesi\u00f3n, acceder a partes de acceso restringido, recordar los elementos que integran un pedido, realizar el proceso de compra de un pedido, realizar la solicitud de inscripci\u00f3n o participaci\u00f3n en un evento, utilizar elementos de seguridad durante la navegaci\u00f3n, almacenar contenidos para la difusi\u00f3n de videos o sonido o compartir contenidos a trav\u00e9s de redes sociales.<\/li>\n\t\t<li><b>Cookies de personalizaci\u00f3n:<\/b> Son aquellas que permiten al usuario acceder al servicio con algunas caracter\u00edsticas de car\u00e1cter general predefinidas en funci\u00f3n de una serie de criterios en el terminal del usuario como por ejemplo ser\u00edan el idioma, el tipo de navegador a trav\u00e9s del cual accede al servicio, la configuraci\u00f3n regional desde donde accede al servicio, etc.<\/li>\n\t\t<li><b>Cookies de an\u00e1lisis:<\/b> Son aquellas que permiten al responsable de las mismas el seguimiento y an\u00e1lisis del comportamiento de los usuarios de los sitios web a los que est\u00e1n vinculadas. La informaci\u00f3n recogida mediante este tipo de cookies se utiliza en la medici\u00f3n de la actividad de los sitios web, aplicaci\u00f3n o plataforma y para la elaboraci\u00f3n de perfiles de navegaci\u00f3n de los usuarios de dichos sitios, aplicaciones y plataformas, con el fin de introducir mejoras en funci\u00f3n del an\u00e1lisis de los datos de uso que hacen los usuarios del servicio.<\/li>\n\t\t<li><b>Cookies publicitarias:<\/b> Son aquellas que permiten la gesti\u00f3n, de la forma m\u00e1s eficaz posible, de los espacios publicitarios que, en su caso, el editor haya incluido en una p\u00e1gina web, aplicaci\u00f3n o plataforma desde la que presta el servicio solicitado en base a criterios como el contenido editado o la frecuencia en la que se muestran los anuncios.<\/li>\n\t\t<li><b>Cookies de publicidad comportamental:<\/b> Son aquellas que permiten la gesti\u00f3n, de la forma m\u00e1s eficaz posible, de los espacios publicitarios que, en su caso, el editor haya incluido en una p\u00e1gina web, aplicaci\u00f3n o plataforma desde la que presta el servicio solicitado. Estas cookies almacenan informaci\u00f3n del comportamiento de los usuarios obtenida a trav\u00e9s de la observaci\u00f3n continuada de sus h\u00e1bitos de navegaci\u00f3n, lo que permite desarrollar un perfil espec\u00edfico para mostrar publicidad en funci\u00f3n del mismo.<\/li>\n\t<\/ul>\n<h3><span class=\"ez-toc-section\" id=\"Como_desactivar_las_cookies_en_los_principales_navegadores_web\"><\/span>C\u00f3mo desactivar las cookies en los principales navegadores web<span class=\"ez-toc-section-end\"><\/span><\/h3>\n<p>Para configurar el uso de cookies, sigue las instrucciones correspondientes a tu navegador o consulta su ayuda:<\/p>\n<ul>\n<li><a href=\"https:\/\/support.apple.com\/es-es\/HT201265\">Safari<\/a><\/li>\n<li><a href=\"https:\/\/support.mozilla.org\/es\/kb\/habilitar-y-deshabilitar-cookies-sitios-web-rastrear-preferencias?redirectlocale=es&redirectslug=habilitar-y-deshabilitar-cookies-que-los-sitios-we\">Firefox<\/a><\/li>\n<li><a href=\"https:\/\/support.google.com\/chrome\/answer\/95647?hl=es-es\">Chrome<\/a><\/li>\n<li><a href=\"https:\/\/www.opera.com\/help\/tutorials\/security\/privacy\/\">Opera<\/a><\/li>\n<li><a href=\"https:\/\/support.microsoft.com\/es-es\/help\/17442\/windows-internet-explorer-delete-manage-cookies\">Internet Explorer<\/a><\/li>\n<li><a href=\"https:\/\/privacy.microsoft.com\/es-es\/windows-10-microsoft-edge-and-privacy\">Edge<\/a><\/li>\n<\/ul>\n<h3><span class=\"ez-toc-section\" id=\"Que_sucede_si_no_se_aceptan_las_cookies\"><\/span>Qu\u00e9 sucede si no se aceptan las cookies<span class=\"ez-toc-section-end\"><\/span><\/h3>\n<p>El rechazo de las cookies puede impedir el acceso a contenidos y servicios personalizados.<\/p>\n<h3><span class=\"ez-toc-section\" id=\"Actualizaciones_y_modificaciones_en_la_politica_de_cookies\"><\/span>Actualizaciones y modificaciones en la pol\u00edtica de cookies<span class=\"ez-toc-section-end\"><\/span><\/h3>\n<p>G4r1 puede modificar esta pol\u00edtica de cookies en funci\u00f3n de las exigencias legislativas, reglamentarias, con la finalidad de adaptar dicha pol\u00edtica a las instrucciones dictadas por la Agencia Espa\u00f1ola de Protecci\u00f3n de Datos, por cuestiones t\u00e9cnicas o de reorganizaci\u00f3n de la web; por ello te aconsejamos que la visites peri\u00f3dicamente.\n<h3><span class=\"ez-toc-section\" id=\"Contacto\"><\/span>Contacto<span class=\"ez-toc-section-end\"><\/span><\/h3>\n<p>Para resolver cualquier duda sobre c\u00f3mo utilizamos las cookies, escr\u00edbenos a la direcci\u00f3n de correo electr\u00f3nico: <a href=\"mailto:g&#97;&#114;iko%69tz&#64;&#103;&#97;r%69k%6f%69&#116;z&#46;in%66%6f\">ga&#114;&#105;koit&#122;&#64;ga&#114;i&#107;oi&#116;&#122;&#46;i&#110;fo<\/a>.\n\n\r\n","protected":false},"excerpt":{"rendered":"","protected":false},"author":2,"featured_media":0,"parent":0,"menu_order":0,"comment_status":"closed","ping_status":"closed","template":"","meta":{"_crdt_document":"","wpupg_custom_link":[],"wpupg_custom_link_behaviour":[],"wpupg_custom_link_nofollow":[],"wpupg_custom_image":[],"wpupg_custom_image_id":[],"footnotes":""},"class_list":["post-980","page","type-page","status-publish","hentry"],"_links":{"self":[{"href":"https:\/\/garikoitz.info\/blog\/wp-json\/wp\/v2\/pages\/980","targetHints":{"allow":["GET"]}}],"collection":[{"href":"https:\/\/garikoitz.info\/blog\/wp-json\/wp\/v2\/pages"}],"about":[{"href":"https:\/\/garikoitz.info\/blog\/wp-json\/wp\/v2\/types\/page"}],"author":[{"embeddable":true,"href":"https:\/\/garikoitz.info\/blog\/wp-json\/wp\/v2\/users\/2"}],"replies":[{"embeddable":true,"href":"https:\/\/garikoitz.info\/blog\/wp-json\/wp\/v2\/comments?post=980"}],"version-history":[{"count":0,"href":"https:\/\/garikoitz.info\/blog\/wp-json\/wp\/v2\/pages\/980\/revisions"}],"wp:attachment":[{"href":"https:\/\/garikoitz.info\/blog\/wp-json\/wp\/v2\/media?parent=980"}],"curies":[{"name":"wp","href":"https:\/\/api.w.org\/{rel}","templated":true}]}}