{"id":978,"date":"2020-09-02T21:04:14","date_gmt":"2020-09-02T21:04:14","guid":{"rendered":"https:\/\/garikoitz.info\/blog\/?page_id=978"},"modified":"2020-09-02T21:04:14","modified_gmt":"2020-09-02T21:04:14","slug":"aviso-legal","status":"publish","type":"page","link":"https:\/\/garikoitz.info\/blog\/aviso-legal\/","title":{"rendered":"Aviso legal"},"content":{"rendered":"<div id=\"ez-toc-container\" class=\"ez-toc-v2_0_82_2 counter-hierarchy ez-toc-counter ez-toc-grey ez-toc-container-direction\">\n<div class=\"ez-toc-title-container\">\n<p class=\"ez-toc-title\" style=\"cursor:inherit\">\u00cdndice<\/p>\n<span class=\"ez-toc-title-toggle\"><a href=\"#\" class=\"ez-toc-pull-right ez-toc-btn ez-toc-btn-xs ez-toc-btn-default ez-toc-toggle\" aria-label=\"Alternar tabla de contenidos\"><span class=\"ez-toc-js-icon-con\"><span class=\"\"><span class=\"eztoc-hide\" style=\"display:none;\">Toggle<\/span><span class=\"ez-toc-icon-toggle-span\"><svg style=\"fill: #999;color:#999\" xmlns=\"http:\/\/www.w3.org\/2000\/svg\" class=\"list-377408\" width=\"20px\" height=\"20px\" viewBox=\"0 0 24 24\" fill=\"none\"><path d=\"M6 6H4v2h2V6zm14 0H8v2h12V6zM4 11h2v2H4v-2zm16 0H8v2h12v-2zM4 16h2v2H4v-2zm16 0H8v2h12v-2z\" fill=\"currentColor\"><\/path><\/svg><svg style=\"fill: #999;color:#999\" class=\"arrow-unsorted-368013\" xmlns=\"http:\/\/www.w3.org\/2000\/svg\" width=\"10px\" height=\"10px\" viewBox=\"0 0 24 24\" version=\"1.2\" baseProfile=\"tiny\"><path d=\"M18.2 9.3l-6.2-6.3-6.2 6.3c-.2.2-.3.4-.3.7s.1.5.3.7c.2.2.4.3.7.3h11c.3 0 .5-.1.7-.3.2-.2.3-.5.3-.7s-.1-.5-.3-.7zM5.8 14.7l6.2 6.3 6.2-6.3c.2-.2.3-.5.3-.7s-.1-.5-.3-.7c-.2-.2-.4-.3-.7-.3h-11c-.3 0-.5.1-.7.3-.2.2-.3.5-.3.7s.1.5.3.7z\"\/><\/svg><\/span><\/span><\/span><\/a><\/span><\/div>\n<nav><ul class='ez-toc-list ez-toc-list-level-1 eztoc-toggle-hide-by-default' ><li class='ez-toc-page-1 ez-toc-heading-level-3'><a class=\"ez-toc-link ez-toc-heading-1\" href=\"https:\/\/garikoitz.info\/blog\/aviso-legal\/#DATOS_IDENTIFICATIVOS_DEL_TITULAR_DEL_SITIO_WEB\" >DATOS IDENTIFICATIVOS DEL TITULAR DEL SITIO WEB<\/a><\/li><li class='ez-toc-page-1 ez-toc-heading-level-3'><a class=\"ez-toc-link ez-toc-heading-2\" href=\"https:\/\/garikoitz.info\/blog\/aviso-legal\/#CONDICIONES_DE_USO\" >CONDICIONES DE USO<\/a><\/li><li class='ez-toc-page-1 ez-toc-heading-level-3'><a class=\"ez-toc-link ez-toc-heading-3\" href=\"https:\/\/garikoitz.info\/blog\/aviso-legal\/#PROPIEDAD_INTELECTUAL\" >PROPIEDAD INTELECTUAL<\/a><\/li><li class='ez-toc-page-1 ez-toc-heading-level-3'><a class=\"ez-toc-link ez-toc-heading-4\" href=\"https:\/\/garikoitz.info\/blog\/aviso-legal\/#DISPONIBILIDAD_DE_GARIKOITZINFOBLOG\" >DISPONIBILIDAD DE GARIKOITZ.INFO\/BLOG<\/a><\/li><li class='ez-toc-page-1 ez-toc-heading-level-3'><a class=\"ez-toc-link ez-toc-heading-5\" href=\"https:\/\/garikoitz.info\/blog\/aviso-legal\/#CALIDAD_DE_GARIKOITZINFOBLOG\" >CALIDAD DE GARIKOITZ.INFO\/BLOG<\/a><\/li><li class='ez-toc-page-1 ez-toc-heading-level-3'><a class=\"ez-toc-link ez-toc-heading-6\" href=\"https:\/\/garikoitz.info\/blog\/aviso-legal\/#LIMITACION_DE_RESPONSABILIDAD\" >LIMITACI\u00d3N DE RESPONSABILIDAD<\/a><\/li><li class='ez-toc-page-1 ez-toc-heading-level-3'><a class=\"ez-toc-link ez-toc-heading-7\" href=\"https:\/\/garikoitz.info\/blog\/aviso-legal\/#NOTIFICACIONES\" >NOTIFICACIONES<\/a><\/li><li class='ez-toc-page-1 ez-toc-heading-level-3'><a class=\"ez-toc-link ez-toc-heading-8\" href=\"https:\/\/garikoitz.info\/blog\/aviso-legal\/#JURISDICCION\" >JURISDICCI\u00d3N<\/a><\/li><li class='ez-toc-page-1 ez-toc-heading-level-3'><a class=\"ez-toc-link ez-toc-heading-9\" href=\"https:\/\/garikoitz.info\/blog\/aviso-legal\/#LEGISLACION_APLICABLE\" >LEGISLACI\u00d3N APLICABLE<\/a><\/li><\/ul><\/nav><\/div>\n<h3><span class=\"ez-toc-section\" id=\"DATOS_IDENTIFICATIVOS_DEL_TITULAR_DEL_SITIO_WEB\"><\/span>DATOS IDENTIFICATIVOS DEL TITULAR DEL SITIO WEB<span class=\"ez-toc-section-end\"><\/span><\/h3>\n<p>En cumplimiento del deber de informaci\u00f3n estipulado en el art\u00edculo 10 de la Ley 34\/2002 de 11 de julio de Servicios de la Sociedad de la Informaci\u00f3n y de Comercio Electr\u00f3nico, <strong><em>Garikoitz Mart\u00ednez Moreno<\/em><\/strong>, con DNI 22753929Y, en adelante <strong>G4r1<\/strong>, en calidad de titular del sitio web <strong>garikoitz.info\/blog<\/strong>, con domicilio en Mendialde 18 4A, c\u00f3digo postal 48530 en Ortuella, Bizkaia, direcci\u00f3n de correo electr\u00f3nico <a href=\"mailto:&#103;ari&#107;&#111;%69t&#122;%40%67%61%72%69%6b%6f%69&#116;z.&#105;&#110;&#102;&#111;\">garikoitz&#64;&#103;arik&#111;i&#116;&#122;&#46;in&#102;o<\/a>, procede a comunicarles la presente informaci\u00f3n que conforma y regula las condiciones de uso en esta p\u00e1gina, las limitaciones de responsabilidad y las obligaciones que, los usuarios del sitio web que se publica bajo el nombre de dominio <strong><i>garikoitz.info\/blog<\/i><\/strong>, asumen y se comprometen a respetar.<\/p>\n<h3><span class=\"ez-toc-section\" id=\"CONDICIONES_DE_USO\"><\/span>CONDICIONES DE USO<span class=\"ez-toc-section-end\"><\/span><\/h3>\n<p>La utilizaci\u00f3n de <strong>garikoitz.info\/blog<\/strong> otorga la condici\u00f3n de <strong>Usuario<\/strong> de <strong>garikoitz.info\/blog<\/strong>, bien sea persona f\u00edsica o jur\u00eddica y obligatoriamente implica la aceptaci\u00f3n completa, plena y sin reservas de todas y cada una de las cl\u00e1usulas y condiciones generales incluidas en el Aviso Legal. Si el <strong>Usuario<\/strong> no estuviera conforme con las cl\u00e1usulas y condiciones de uso de este Aviso Legal, se abstendr\u00e1 de utilizar <strong>garikoitz.info\/blog<\/strong>. Este Aviso Legal est\u00e1 sujeto a cambios y actualizaciones por lo que la versi\u00f3n publicada por <strong>G4r1<\/strong> puede ser diferente en cada momento en que el <strong>Usuario<\/strong> acceda al Portal. Por tanto, el <strong>Usuario<\/strong> debe leer el Aviso Legal en todas y cada una de las ocasiones en que acceda a <strong>garikoitz.info\/blog<\/strong>.<\/p>\n\n<p>A trav\u00e9s de <strong>garikoitz.info\/blog<\/strong>, <strong>G4r1<\/strong><b> <\/b>facilita al <strong>Usuario<\/strong> el acceso y la utilizaci\u00f3n de diversos Contenidos publicados por medio de Internet por <strong>G4r1<\/strong> o por terceros autorizados.<\/p>\n\n<p>El <strong>Usuario<\/strong> est\u00e1 obligado y se compromete a utilizar <strong>garikoitz.info\/blog<\/strong> y los Contenidos de conformidad con la legislaci\u00f3n vigente, el Aviso Legal, y cualquier otro aviso o instrucciones puestos en su conocimiento, bien sea por medio de este aviso legal o en cualquier otro lugar dentro de los Contenidos que conforman <strong>garikoitz.info\/blog<\/strong>, como son las normas de convivencia, la moral y buenas costumbres generalmente aceptadas. A tal efecto, el <strong>Usuario<\/strong> se obliga y compromete a NO utilizar cualquiera de los Contenidos con fines o efectos il\u00edcitos, prohibidos en el Aviso Legal o por la legislaci\u00f3n vigente, lesivos de los derechos e intereses de terceros, o que de cualquier forma puedan da\u00f1ar, inutilizar, sobrecargar, deteriorar o impedir la normal utilizaci\u00f3n de los Contenidos, los equipos inform\u00e1ticos o los documentos, archivos y toda clase de contenidos almacenados en cualquier equipo inform\u00e1tico propios o contratados por <strong>G4r1<\/strong>, de otro <strong>USUARIO<\/strong> o de cualquier usuario de Internet (hardware y software).<\/p>\n\n<p>El <strong>Usuario<\/strong> se obliga y se compromete a no transmitir, difundir o poner a disposici\u00f3n de terceros cualquier clase de material contenido en <strong>garikoitz.info\/blog<\/strong>, tales como informaciones, textos, datos, contenidos, mensajes, gr\u00e1ficos, dibujos, archivos de sonido y\/o imagen, fotograf\u00edas, grabaciones, software, logotipos, marcas, iconos, tecnolog\u00eda, fotograf\u00edas, software, enlaces, dise\u00f1o gr\u00e1fico y c\u00f3digos fuente, o cualquier otro material al que tuviera acceso en su condici\u00f3n de <strong>Usuario<\/strong> de <strong>garikoitz.info\/blog<\/strong>, sin que esta enumeraci\u00f3n tenga car\u00e1cter limitativo. Asimismo, de conformidad con todo ello, el <strong>Usuario<\/strong> no podr\u00e1:<\/p>\n<ul>\n<li>Reproducir, copiar, distribuir, poner a disposici\u00f3n o de cualquier otra forma comunicar p\u00fablicamente, transformar o modificar los Contenidos, a menos que se cuente con la autorizaci\u00f3n escrita y expl\u00edcita de <strong>G4r1<\/strong>, que es titular de los correspondientes derechos, o bien que ello resulte legalmente permitido.<\/li>\n<li>Suprimir, manipular o de cualquier forma alterar el \u201ccopyright\u201d y dem\u00e1s datos identificativos de la reserva de derechos de <strong>G4r1<\/strong> o de sus titulares, de las huellas y\/o identificadores digitales, marcas de agua, o de cualesquiera otros medios t\u00e9cnicos establecidos para su reconocimiento.<\/li>\n<\/ul>\n<p>El <strong>Usuario<\/strong> deber\u00e1 abstenerse de obtener e incluso de intentar obtener los Contenidos empleando para ello medios o procedimientos distintos de los que, seg\u00fan los casos, se hayan puesto a su disposici\u00f3n a este efecto o se hayan indicado a este efecto en las p\u00e1ginas web donde se encuentren los Contenidos o, en general, de los que se empleen habitualmente en Internet a este efecto siempre que no entra\u00f1en un riesgo de da\u00f1o o inutilizaci\u00f3n de <strong>garikoitz.info\/blog<\/strong>, y\/o de los Contenidos.<\/p>\n<h3><span class=\"ez-toc-section\" id=\"PROPIEDAD_INTELECTUAL\"><\/span>PROPIEDAD INTELECTUAL<span class=\"ez-toc-section-end\"><\/span><\/h3>\n<p>Todas las marcas, nombres comerciales o signos distintivos de cualquier clase que aparecen en <strong>garikoitz.info\/blog<\/strong> son propiedad de <strong>G4r1<\/strong> o, en su caso, de sus respectivos propietarios, sin que pueda entenderse que el uso o acceso al Portal y\/o a los Contenidos atribuya al <strong>Usuario<\/strong> derecho alguno sobre las citadas marcas, nombres comerciales y\/o signos distintivos y sin que puedan entenderse cedidos al <strong>Usuario<\/strong>, ninguno de los derechos de explotaci\u00f3n que existen o puedan existir sobre dichos Contenidos. De igual modo los Contenidos son propiedad intelectual de <strong>G4r1<\/strong>, o de terceros en su caso, por tanto, los derechos de Propiedad Intelectual son titularidad de <strong>G4r1<\/strong> o de terceros que han autorizado su uso, a quienes corresponde el ejercicio exclusivo de los derechos de explotaci\u00f3n de los mismos en cualquier forma y, en especial, los derechos de reproducci\u00f3n, distribuci\u00f3n, comunicaci\u00f3n p\u00fablica y transformaci\u00f3n. La utilizaci\u00f3n no autorizada de la informaci\u00f3n contenida en esta Web, as\u00ed como la lesi\u00f3n de los derechos de Propiedad Intelectual o Industrial de <strong>G4r1<\/strong> o de terceros incluidos en <strong>garikoitz.info\/blog<\/strong> que hayan cedido contenidos dar\u00e1 lugar a las responsabilidades legalmente establecidas.<\/p>\n<h3><span class=\"ez-toc-section\" id=\"DISPONIBILIDAD_DE_GARIKOITZINFOBLOG\"><\/span>DISPONIBILIDAD DE GARIKOITZ.INFO\/BLOG<span class=\"ez-toc-section-end\"><\/span><\/h3>\n<p><strong>G4r1<\/strong> no garantiza la inexistencia de interrupciones o errores en el acceso a <strong>garikoitz.info\/blog<\/strong>, a sus contenidos, ni que este se encuentren actualizados, aunque desarrollar\u00e1 sus mejores esfuerzos para, en su caso, evitarlos, subsanarlos o actualizarlos. Por consiguiente, <strong>G4r1<\/strong> no se responsabiliza de los da\u00f1os o perjuicios de cualquier tipo producidos en el <strong>Usuario<\/strong> que traigan causa de fallos o desconexiones en las redes de telecomunicaciones que produzcan la suspensi\u00f3n, cancelaci\u00f3n o interrupci\u00f3n del servicio del portal durante la prestaci\u00f3n del mismo o con car\u00e1cter previo.<\/p>\n\n<p><strong>G4r1<\/strong> excluye, con las excepciones contempladas en la legislaci\u00f3n vigente, cualquier responsabilidad por los da\u00f1os y perjuicios de toda naturaleza que puedan deberse a la falta de disponibilidad, continuidad o calidad del funcionamiento de <strong>garikoitz.info\/blog<\/strong> y de los Contenidos, al no cumplimiento de la expectativa de utilidad que el <strong>USUARIO<\/strong> hubiera podido atribuir a <strong>garikoitz.info\/blog<\/strong> y a los Contenidos.<\/p>\n\n<p>La funci\u00f3n de los Hiperenlaces que aparecen en esta Web es exclusivamente la de informar al <strong>Usuario<\/strong> acerca de la existencia de otras Web que contienen informaci\u00f3n sobre la materia. Dichos Hiperenlaces no constituyen sugerencia ni recomendaci\u00f3n alguna.<\/p>\n\n<p><strong>G4r1<\/strong> no se hace responsable de los contenidos de dichas p\u00e1ginas enlazadas, del funcionamiento o utilidad de los Hiperenlaces ni del resultado de dichos enlaces, ni garantiza la ausencia de virus u otros elementos en los mismos que puedan producir alteraciones en el sistema inform\u00e1tico (hardware y software), los documentos o los ficheros del <strong>Usuario<\/strong>, excluyendo cualquier responsabilidad por los da\u00f1os de cualquier clase causados al <strong>Usuario<\/strong> por este motivo.<\/p>\n\n<p>El acceso a <strong>garikoitz.info\/blog<\/strong> no implica la obligaci\u00f3n por parte de <strong>G4r1<\/strong> de controlar la ausencia de virus, gusanos o cualquier otro elemento inform\u00e1tico da\u00f1ino. Corresponde al <strong>Usuario<\/strong>, en todo caso, la disponibilidad de herramientas adecuadas para la detecci\u00f3n y desinfecci\u00f3n de programas inform\u00e1ticos da\u00f1inos, por lo tanto, <strong>G4r1<\/strong> no se hace responsable de los posibles errores de seguridad que se puedan producir durante la prestaci\u00f3n del servicio de <strong>garikoitz.info\/blog<\/strong>, ni de los posibles da\u00f1os que puedan causarse al sistema inform\u00e1tico del <strong>Usuario<\/strong> o de terceros (hardware y software), los ficheros o documentos almacenados en el mismo, como consecuencia de la presencia de virus en el ordenador del <strong>Usuario<\/strong> utilizado para la conexi\u00f3n a los servicios y contenidos de la Web, de un mal funcionamiento del navegador o del uso de versiones no actualizadas del mismo.<\/p>\n\n<p>La prestaci\u00f3n del servicio de <strong>garikoitz.info\/blog<\/strong> y de los Contenidos tiene, en principio, duraci\u00f3n indefinida. <strong>G4r1<\/strong>, no obstante, queda autorizado para dar por terminada o suspender la prestaci\u00f3n del servicio de <strong>garikoitz.info\/blog<\/strong> y\/o de cualquiera de los Contenidos en cualquier momento. Cuando ello sea razonablemente posible, <strong>G4r1<\/strong> advertir\u00e1 previamente la terminaci\u00f3n o suspensi\u00f3n de <strong>garikoitz.info\/blog<\/strong>.<\/p>\n<h3><span class=\"ez-toc-section\" id=\"CALIDAD_DE_GARIKOITZINFOBLOG\"><\/span>CALIDAD DE GARIKOITZ.INFO\/BLOG<span class=\"ez-toc-section-end\"><\/span><\/h3>\n<p>Dado el entorno din\u00e1mico y cambiante de la informaci\u00f3n y servicios que se suministran por medio de <strong>garikoitz.info\/blog<\/strong>, <strong>G4r1<\/strong> realiza su mejor esfuerzo, pero no garantiza la completa veracidad, exactitud, fiabilidad, utilidad y\/o actualidad de los Contenidos. La informaci\u00f3n contenida en las p\u00e1ginas que componen este Portal solo tiene car\u00e1cter informativo, consultivo, divulgativo y publicitario. En ning\u00fan caso ofrecen ni tienen car\u00e1cter de compromiso vinculante o contractual.<\/p>\n<h3><span class=\"ez-toc-section\" id=\"LIMITACION_DE_RESPONSABILIDAD\"><\/span>LIMITACI\u00d3N DE RESPONSABILIDAD<span class=\"ez-toc-section-end\"><\/span><\/h3>\n<p><strong>G4r1<\/strong> excluye toda responsabilidad por las decisiones que el <strong>Usuario<\/strong> pueda tomar basado en esta informaci\u00f3n, as\u00ed como por los posibles errores tipogr\u00e1ficos que puedan contener los documentos y gr\u00e1ficos de <strong>garikoitz.info\/blog<\/strong>. La informaci\u00f3n est\u00e1 sometida a posibles cambios peri\u00f3dicos sin previo aviso de su contenido por ampliaci\u00f3n, mejora, correcci\u00f3n o actualizaci\u00f3n de los Contenidos.<\/p>\n<h3><span class=\"ez-toc-section\" id=\"NOTIFICACIONES\"><\/span>NOTIFICACIONES<span class=\"ez-toc-section-end\"><\/span><\/h3>\n<p>Todas las notificaciones y comunicaciones por parte de <strong>G4r1<\/strong> al <strong>Usuario<\/strong> realizados por cualquier medio se considerar\u00e1n eficaces a todos los efectos.<\/p>\n<h3><span class=\"ez-toc-section\" id=\"JURISDICCION\"><\/span>JURISDICCI\u00d3N<span class=\"ez-toc-section-end\"><\/span><\/h3>\n<p>Para cuantas cuestiones se susciten sobre la interpretaci\u00f3n, aplicaci\u00f3n y cumplimiento de este Aviso Legal, as\u00ed como de las reclamaciones que puedan derivarse de su uso, todas las partes intervinientes se someten a los Jueces y Tribunales de la provincia de Bizkaia, renunciando de forma expresa a cualquier otro fuero que pudiera corresponderles.<\/p>\n<h3><span class=\"ez-toc-section\" id=\"LEGISLACION_APLICABLE\"><\/span>LEGISLACI\u00d3N APLICABLE<span class=\"ez-toc-section-end\"><\/span><\/h3>\n<p>El presente Aviso Legal se rige por la normativa espa\u00f1ola vigente.<\/p>\n\n\r\n","protected":false},"excerpt":{"rendered":"","protected":false},"author":2,"featured_media":0,"parent":0,"menu_order":0,"comment_status":"closed","ping_status":"closed","template":"","meta":{"_crdt_document":"","wpupg_custom_link":[],"wpupg_custom_link_behaviour":[],"wpupg_custom_link_nofollow":[],"wpupg_custom_image":[],"wpupg_custom_image_id":[],"footnotes":""},"class_list":["post-978","page","type-page","status-publish","hentry"],"_links":{"self":[{"href":"https:\/\/garikoitz.info\/blog\/wp-json\/wp\/v2\/pages\/978","targetHints":{"allow":["GET"]}}],"collection":[{"href":"https:\/\/garikoitz.info\/blog\/wp-json\/wp\/v2\/pages"}],"about":[{"href":"https:\/\/garikoitz.info\/blog\/wp-json\/wp\/v2\/types\/page"}],"author":[{"embeddable":true,"href":"https:\/\/garikoitz.info\/blog\/wp-json\/wp\/v2\/users\/2"}],"replies":[{"embeddable":true,"href":"https:\/\/garikoitz.info\/blog\/wp-json\/wp\/v2\/comments?post=978"}],"version-history":[{"count":1,"href":"https:\/\/garikoitz.info\/blog\/wp-json\/wp\/v2\/pages\/978\/revisions"}],"predecessor-version":[{"id":1093,"href":"https:\/\/garikoitz.info\/blog\/wp-json\/wp\/v2\/pages\/978\/revisions\/1093"}],"wp:attachment":[{"href":"https:\/\/garikoitz.info\/blog\/wp-json\/wp\/v2\/media?parent=978"}],"curies":[{"name":"wp","href":"https:\/\/api.w.org\/{rel}","templated":true}]}}